{"id":585,"date":"2016-05-09T01:27:14","date_gmt":"2016-05-08T23:27:14","guid":{"rendered":"https:\/\/www.boille-associes.com\/portfolio\/grdf\/"},"modified":"2017-06-06T10:51:14","modified_gmt":"2017-06-06T08:51:14","slug":"grdf","status":"publish","type":"page","link":"https:\/\/www.boille-associes.com\/en\/portfolio\/grdf\/","title":{"rendered":"SOGAREP"},"content":{"rendered":"","protected":false},"excerpt":{"rendered":"","protected":false},"author":1,"featured_media":0,"parent":200,"menu_order":0,"comment_status":"closed","ping_status":"closed","template":"template-projet.php","meta":{"_acf_changed":false,"footnotes":""},"categories":[12],"class_list":["post-585","page","type-page","status-publish","hentry","category-offices"],"acf":[],"yoast_head":"<!-- This site is optimized with the Yoast SEO plugin v27.3 - https:\/\/yoast.com\/product\/yoast-seo-wordpress\/ -->\n<title>SOGAREP projet de cr\u00e9ation de bureaux - Boille et Associ\u00e9s architectes<\/title>\n<meta name=\"description\" content=\"SOGAREP est un projet de cr\u00e9ation de bureaux : un projet d&#039;envergure pour la cr\u00e9ation de ces bureaux avec une livraison du b\u00e2timent en seulement 11 mois\" \/>\n<meta name=\"robots\" content=\"index, follow, max-snippet:-1, max-image-preview:large, max-video-preview:-1\" \/>\n<link rel=\"canonical\" href=\"https:\/\/www.boille-associes.com\/en\/portfolio\/grdf\/\" \/>\n<meta property=\"og:locale\" content=\"en_US\" \/>\n<meta property=\"og:type\" content=\"article\" \/>\n<meta property=\"og:title\" content=\"SOGAREP projet de cr\u00e9ation de bureaux - Boille et Associ\u00e9s architectes\" \/>\n<meta property=\"og:description\" content=\"SOGAREP est un projet de cr\u00e9ation de bureaux : un projet d&#039;envergure pour la cr\u00e9ation de ces bureaux avec une livraison du b\u00e2timent en seulement 11 mois\" \/>\n<meta property=\"og:url\" content=\"https:\/\/www.boille-associes.com\/en\/portfolio\/grdf\/\" \/>\n<meta property=\"og:site_name\" content=\"Boille et associ\u00e9s\" \/>\n<meta property=\"article:modified_time\" content=\"2017-06-06T08:51:14+00:00\" \/>\n<meta name=\"twitter:card\" content=\"summary_large_image\" \/>\n<script type=\"application\/ld+json\" class=\"yoast-schema-graph\">{\"@context\":\"https:\\\/\\\/schema.org\",\"@graph\":[{\"@type\":\"WebPage\",\"@id\":\"https:\\\/\\\/www.boille-associes.com\\\/en\\\/portfolio\\\/grdf\\\/\",\"url\":\"https:\\\/\\\/www.boille-associes.com\\\/en\\\/portfolio\\\/grdf\\\/\",\"name\":\"SOGAREP projet de cr\u00e9ation de bureaux - Boille et Associ\u00e9s architectes\",\"isPartOf\":{\"@id\":\"https:\\\/\\\/www.boille-associes.com\\\/#website\"},\"datePublished\":\"2016-05-08T23:27:14+00:00\",\"dateModified\":\"2017-06-06T08:51:14+00:00\",\"description\":\"SOGAREP est un projet de cr\u00e9ation de bureaux : un projet d'envergure pour la cr\u00e9ation de ces bureaux avec une livraison du b\u00e2timent en seulement 11 mois\",\"breadcrumb\":{\"@id\":\"https:\\\/\\\/www.boille-associes.com\\\/en\\\/portfolio\\\/grdf\\\/#breadcrumb\"},\"inLanguage\":\"en-US\",\"potentialAction\":[{\"@type\":\"ReadAction\",\"target\":[\"https:\\\/\\\/www.boille-associes.com\\\/en\\\/portfolio\\\/grdf\\\/\"]}]},{\"@type\":\"BreadcrumbList\",\"@id\":\"https:\\\/\\\/www.boille-associes.com\\\/en\\\/portfolio\\\/grdf\\\/#breadcrumb\",\"itemListElement\":[{\"@type\":\"ListItem\",\"position\":1,\"name\":\"Accueil\",\"item\":\"https:\\\/\\\/www.boille-associes.com\\\/en\\\/\"},{\"@type\":\"ListItem\",\"position\":2,\"name\":\"Portfolio\",\"item\":\"https:\\\/\\\/www.boille-associes.com\\\/en\\\/portfolio\\\/\"},{\"@type\":\"ListItem\",\"position\":3,\"name\":\"SOGAREP\"}]},{\"@type\":\"WebSite\",\"@id\":\"https:\\\/\\\/www.boille-associes.com\\\/#website\",\"url\":\"https:\\\/\\\/www.boille-associes.com\\\/\",\"name\":\"Boille et associ\u00e9s\",\"description\":\"Cabinet d&#039;architectes \u00e0 Tours\",\"potentialAction\":[{\"@type\":\"SearchAction\",\"target\":{\"@type\":\"EntryPoint\",\"urlTemplate\":\"https:\\\/\\\/www.boille-associes.com\\\/?s={search_term_string}\"},\"query-input\":{\"@type\":\"PropertyValueSpecification\",\"valueRequired\":true,\"valueName\":\"search_term_string\"}}],\"inLanguage\":\"en-US\"}]}<\/script>\n<!-- \/ Yoast SEO plugin. -->","yoast_head_json":{"title":"SOGAREP projet de cr\u00e9ation de bureaux - Boille et Associ\u00e9s architectes","description":"SOGAREP est un projet de cr\u00e9ation de bureaux : un projet d'envergure pour la cr\u00e9ation de ces bureaux avec une livraison du b\u00e2timent en seulement 11 mois","robots":{"index":"index","follow":"follow","max-snippet":"max-snippet:-1","max-image-preview":"max-image-preview:large","max-video-preview":"max-video-preview:-1"},"canonical":"https:\/\/www.boille-associes.com\/en\/portfolio\/grdf\/","og_locale":"en_US","og_type":"article","og_title":"SOGAREP projet de cr\u00e9ation de bureaux - Boille et Associ\u00e9s architectes","og_description":"SOGAREP est un projet de cr\u00e9ation de bureaux : un projet d'envergure pour la cr\u00e9ation de ces bureaux avec une livraison du b\u00e2timent en seulement 11 mois","og_url":"https:\/\/www.boille-associes.com\/en\/portfolio\/grdf\/","og_site_name":"Boille et associ\u00e9s","article_modified_time":"2017-06-06T08:51:14+00:00","twitter_card":"summary_large_image","schema":{"@context":"https:\/\/schema.org","@graph":[{"@type":"WebPage","@id":"https:\/\/www.boille-associes.com\/en\/portfolio\/grdf\/","url":"https:\/\/www.boille-associes.com\/en\/portfolio\/grdf\/","name":"SOGAREP projet de cr\u00e9ation de bureaux - Boille et Associ\u00e9s architectes","isPartOf":{"@id":"https:\/\/www.boille-associes.com\/#website"},"datePublished":"2016-05-08T23:27:14+00:00","dateModified":"2017-06-06T08:51:14+00:00","description":"SOGAREP est un projet de cr\u00e9ation de bureaux : un projet d'envergure pour la cr\u00e9ation de ces bureaux avec une livraison du b\u00e2timent en seulement 11 mois","breadcrumb":{"@id":"https:\/\/www.boille-associes.com\/en\/portfolio\/grdf\/#breadcrumb"},"inLanguage":"en-US","potentialAction":[{"@type":"ReadAction","target":["https:\/\/www.boille-associes.com\/en\/portfolio\/grdf\/"]}]},{"@type":"BreadcrumbList","@id":"https:\/\/www.boille-associes.com\/en\/portfolio\/grdf\/#breadcrumb","itemListElement":[{"@type":"ListItem","position":1,"name":"Accueil","item":"https:\/\/www.boille-associes.com\/en\/"},{"@type":"ListItem","position":2,"name":"Portfolio","item":"https:\/\/www.boille-associes.com\/en\/portfolio\/"},{"@type":"ListItem","position":3,"name":"SOGAREP"}]},{"@type":"WebSite","@id":"https:\/\/www.boille-associes.com\/#website","url":"https:\/\/www.boille-associes.com\/","name":"Boille et associ\u00e9s","description":"Cabinet d&#039;architectes \u00e0 Tours","potentialAction":[{"@type":"SearchAction","target":{"@type":"EntryPoint","urlTemplate":"https:\/\/www.boille-associes.com\/?s={search_term_string}"},"query-input":{"@type":"PropertyValueSpecification","valueRequired":true,"valueName":"search_term_string"}}],"inLanguage":"en-US"}]}},"_links":{"self":[{"href":"https:\/\/www.boille-associes.com\/en\/wp-json\/wp\/v2\/pages\/585","targetHints":{"allow":["GET"]}}],"collection":[{"href":"https:\/\/www.boille-associes.com\/en\/wp-json\/wp\/v2\/pages"}],"about":[{"href":"https:\/\/www.boille-associes.com\/en\/wp-json\/wp\/v2\/types\/page"}],"author":[{"embeddable":true,"href":"https:\/\/www.boille-associes.com\/en\/wp-json\/wp\/v2\/users\/1"}],"replies":[{"embeddable":true,"href":"https:\/\/www.boille-associes.com\/en\/wp-json\/wp\/v2\/comments?post=585"}],"version-history":[{"count":3,"href":"https:\/\/www.boille-associes.com\/en\/wp-json\/wp\/v2\/pages\/585\/revisions"}],"predecessor-version":[{"id":729,"href":"https:\/\/www.boille-associes.com\/en\/wp-json\/wp\/v2\/pages\/585\/revisions\/729"}],"up":[{"embeddable":true,"href":"https:\/\/www.boille-associes.com\/en\/wp-json\/wp\/v2\/pages\/200"}],"wp:attachment":[{"href":"https:\/\/www.boille-associes.com\/en\/wp-json\/wp\/v2\/media?parent=585"}],"wp:term":[{"taxonomy":"category","embeddable":true,"href":"https:\/\/www.boille-associes.com\/en\/wp-json\/wp\/v2\/categories?post=585"}],"curies":[{"name":"wp","href":"https:\/\/api.w.org\/{rel}","templated":true}]}}