{"id":582,"date":"2015-05-09T01:53:49","date_gmt":"2015-05-08T23:53:49","guid":{"rendered":"https:\/\/www.boille-associes.com\/portfolio\/restaurant-scolaire-et-cuisine\/"},"modified":"2017-06-01T15:55:34","modified_gmt":"2017-06-01T13:55:34","slug":"restaurant-scolaire-et-cuisine","status":"publish","type":"page","link":"https:\/\/www.boille-associes.com\/en\/portfolio\/restaurant-scolaire-et-cuisine\/","title":{"rendered":"Restaurant scolaire et cuisine"},"content":{"rendered":"","protected":false},"excerpt":{"rendered":"","protected":false},"author":1,"featured_media":0,"parent":200,"menu_order":0,"comment_status":"closed","ping_status":"closed","template":"template-projet.php","meta":{"_acf_changed":false,"footnotes":""},"categories":[13],"class_list":["post-582","page","type-page","status-publish","hentry","category-education"],"acf":[],"yoast_head":"<!-- This site is optimized with the Yoast SEO plugin v27.3 - https:\/\/yoast.com\/product\/yoast-seo-wordpress\/ -->\n<title>Restaurant scolaire et cuisine Jou\u00e9 les Tours - Boille et Associ\u00e9s architectes<\/title>\n<meta name=\"description\" content=\"Projet de restaurant scolaire et cuisine \u00e0 Jou\u00e9 les Tours : salle de restauration avec cuisine, salle des professeurs, foyer des \u00e9l\u00e8ves, acc\u00e8s au pr\u00e9au\" \/>\n<meta name=\"robots\" content=\"index, follow, max-snippet:-1, max-image-preview:large, max-video-preview:-1\" \/>\n<link rel=\"canonical\" href=\"https:\/\/www.boille-associes.com\/en\/portfolio\/restaurant-scolaire-et-cuisine\/\" \/>\n<meta property=\"og:locale\" content=\"en_US\" \/>\n<meta property=\"og:type\" content=\"article\" \/>\n<meta property=\"og:title\" content=\"Restaurant scolaire et cuisine Jou\u00e9 les Tours - Boille et Associ\u00e9s architectes\" \/>\n<meta property=\"og:description\" content=\"Projet de restaurant scolaire et cuisine \u00e0 Jou\u00e9 les Tours : salle de restauration avec cuisine, salle des professeurs, foyer des \u00e9l\u00e8ves, acc\u00e8s au pr\u00e9au\" \/>\n<meta property=\"og:url\" content=\"https:\/\/www.boille-associes.com\/en\/portfolio\/restaurant-scolaire-et-cuisine\/\" \/>\n<meta property=\"og:site_name\" content=\"Boille et associ\u00e9s\" \/>\n<meta property=\"article:modified_time\" content=\"2017-06-01T13:55:34+00:00\" \/>\n<meta name=\"twitter:card\" content=\"summary_large_image\" \/>\n<script type=\"application\/ld+json\" class=\"yoast-schema-graph\">{\"@context\":\"https:\\\/\\\/schema.org\",\"@graph\":[{\"@type\":\"WebPage\",\"@id\":\"https:\\\/\\\/www.boille-associes.com\\\/en\\\/portfolio\\\/restaurant-scolaire-et-cuisine\\\/\",\"url\":\"https:\\\/\\\/www.boille-associes.com\\\/en\\\/portfolio\\\/restaurant-scolaire-et-cuisine\\\/\",\"name\":\"Restaurant scolaire et cuisine Jou\u00e9 les Tours - Boille et Associ\u00e9s architectes\",\"isPartOf\":{\"@id\":\"https:\\\/\\\/www.boille-associes.com\\\/#website\"},\"datePublished\":\"2015-05-08T23:53:49+00:00\",\"dateModified\":\"2017-06-01T13:55:34+00:00\",\"description\":\"Projet de restaurant scolaire et cuisine \u00e0 Jou\u00e9 les Tours : salle de restauration avec cuisine, salle des professeurs, foyer des \u00e9l\u00e8ves, acc\u00e8s au pr\u00e9au\",\"breadcrumb\":{\"@id\":\"https:\\\/\\\/www.boille-associes.com\\\/en\\\/portfolio\\\/restaurant-scolaire-et-cuisine\\\/#breadcrumb\"},\"inLanguage\":\"en-US\",\"potentialAction\":[{\"@type\":\"ReadAction\",\"target\":[\"https:\\\/\\\/www.boille-associes.com\\\/en\\\/portfolio\\\/restaurant-scolaire-et-cuisine\\\/\"]}]},{\"@type\":\"BreadcrumbList\",\"@id\":\"https:\\\/\\\/www.boille-associes.com\\\/en\\\/portfolio\\\/restaurant-scolaire-et-cuisine\\\/#breadcrumb\",\"itemListElement\":[{\"@type\":\"ListItem\",\"position\":1,\"name\":\"Accueil\",\"item\":\"https:\\\/\\\/www.boille-associes.com\\\/en\\\/\"},{\"@type\":\"ListItem\",\"position\":2,\"name\":\"Portfolio\",\"item\":\"https:\\\/\\\/www.boille-associes.com\\\/en\\\/portfolio\\\/\"},{\"@type\":\"ListItem\",\"position\":3,\"name\":\"Restaurant scolaire et cuisine\"}]},{\"@type\":\"WebSite\",\"@id\":\"https:\\\/\\\/www.boille-associes.com\\\/#website\",\"url\":\"https:\\\/\\\/www.boille-associes.com\\\/\",\"name\":\"Boille et associ\u00e9s\",\"description\":\"Cabinet d&#039;architectes \u00e0 Tours\",\"potentialAction\":[{\"@type\":\"SearchAction\",\"target\":{\"@type\":\"EntryPoint\",\"urlTemplate\":\"https:\\\/\\\/www.boille-associes.com\\\/?s={search_term_string}\"},\"query-input\":{\"@type\":\"PropertyValueSpecification\",\"valueRequired\":true,\"valueName\":\"search_term_string\"}}],\"inLanguage\":\"en-US\"}]}<\/script>\n<!-- \/ Yoast SEO plugin. -->","yoast_head_json":{"title":"Restaurant scolaire et cuisine Jou\u00e9 les Tours - Boille et Associ\u00e9s architectes","description":"Projet de restaurant scolaire et cuisine \u00e0 Jou\u00e9 les Tours : salle de restauration avec cuisine, salle des professeurs, foyer des \u00e9l\u00e8ves, acc\u00e8s au pr\u00e9au","robots":{"index":"index","follow":"follow","max-snippet":"max-snippet:-1","max-image-preview":"max-image-preview:large","max-video-preview":"max-video-preview:-1"},"canonical":"https:\/\/www.boille-associes.com\/en\/portfolio\/restaurant-scolaire-et-cuisine\/","og_locale":"en_US","og_type":"article","og_title":"Restaurant scolaire et cuisine Jou\u00e9 les Tours - Boille et Associ\u00e9s architectes","og_description":"Projet de restaurant scolaire et cuisine \u00e0 Jou\u00e9 les Tours : salle de restauration avec cuisine, salle des professeurs, foyer des \u00e9l\u00e8ves, acc\u00e8s au pr\u00e9au","og_url":"https:\/\/www.boille-associes.com\/en\/portfolio\/restaurant-scolaire-et-cuisine\/","og_site_name":"Boille et associ\u00e9s","article_modified_time":"2017-06-01T13:55:34+00:00","twitter_card":"summary_large_image","schema":{"@context":"https:\/\/schema.org","@graph":[{"@type":"WebPage","@id":"https:\/\/www.boille-associes.com\/en\/portfolio\/restaurant-scolaire-et-cuisine\/","url":"https:\/\/www.boille-associes.com\/en\/portfolio\/restaurant-scolaire-et-cuisine\/","name":"Restaurant scolaire et cuisine Jou\u00e9 les Tours - Boille et Associ\u00e9s architectes","isPartOf":{"@id":"https:\/\/www.boille-associes.com\/#website"},"datePublished":"2015-05-08T23:53:49+00:00","dateModified":"2017-06-01T13:55:34+00:00","description":"Projet de restaurant scolaire et cuisine \u00e0 Jou\u00e9 les Tours : salle de restauration avec cuisine, salle des professeurs, foyer des \u00e9l\u00e8ves, acc\u00e8s au pr\u00e9au","breadcrumb":{"@id":"https:\/\/www.boille-associes.com\/en\/portfolio\/restaurant-scolaire-et-cuisine\/#breadcrumb"},"inLanguage":"en-US","potentialAction":[{"@type":"ReadAction","target":["https:\/\/www.boille-associes.com\/en\/portfolio\/restaurant-scolaire-et-cuisine\/"]}]},{"@type":"BreadcrumbList","@id":"https:\/\/www.boille-associes.com\/en\/portfolio\/restaurant-scolaire-et-cuisine\/#breadcrumb","itemListElement":[{"@type":"ListItem","position":1,"name":"Accueil","item":"https:\/\/www.boille-associes.com\/en\/"},{"@type":"ListItem","position":2,"name":"Portfolio","item":"https:\/\/www.boille-associes.com\/en\/portfolio\/"},{"@type":"ListItem","position":3,"name":"Restaurant scolaire et cuisine"}]},{"@type":"WebSite","@id":"https:\/\/www.boille-associes.com\/#website","url":"https:\/\/www.boille-associes.com\/","name":"Boille et associ\u00e9s","description":"Cabinet d&#039;architectes \u00e0 Tours","potentialAction":[{"@type":"SearchAction","target":{"@type":"EntryPoint","urlTemplate":"https:\/\/www.boille-associes.com\/?s={search_term_string}"},"query-input":{"@type":"PropertyValueSpecification","valueRequired":true,"valueName":"search_term_string"}}],"inLanguage":"en-US"}]}},"_links":{"self":[{"href":"https:\/\/www.boille-associes.com\/en\/wp-json\/wp\/v2\/pages\/582","targetHints":{"allow":["GET"]}}],"collection":[{"href":"https:\/\/www.boille-associes.com\/en\/wp-json\/wp\/v2\/pages"}],"about":[{"href":"https:\/\/www.boille-associes.com\/en\/wp-json\/wp\/v2\/types\/page"}],"author":[{"embeddable":true,"href":"https:\/\/www.boille-associes.com\/en\/wp-json\/wp\/v2\/users\/1"}],"replies":[{"embeddable":true,"href":"https:\/\/www.boille-associes.com\/en\/wp-json\/wp\/v2\/comments?post=582"}],"version-history":[{"count":2,"href":"https:\/\/www.boille-associes.com\/en\/wp-json\/wp\/v2\/pages\/582\/revisions"}],"predecessor-version":[{"id":715,"href":"https:\/\/www.boille-associes.com\/en\/wp-json\/wp\/v2\/pages\/582\/revisions\/715"}],"up":[{"embeddable":true,"href":"https:\/\/www.boille-associes.com\/en\/wp-json\/wp\/v2\/pages\/200"}],"wp:attachment":[{"href":"https:\/\/www.boille-associes.com\/en\/wp-json\/wp\/v2\/media?parent=582"}],"wp:term":[{"taxonomy":"category","embeddable":true,"href":"https:\/\/www.boille-associes.com\/en\/wp-json\/wp\/v2\/categories?post=582"}],"curies":[{"name":"wp","href":"https:\/\/api.w.org\/{rel}","templated":true}]}}