{"id":578,"date":"2016-05-09T01:47:02","date_gmt":"2016-05-08T23:47:02","guid":{"rendered":"https:\/\/www.boille-associes.com\/portfolio\/rehabilitation-energetique\/"},"modified":"2017-05-31T12:18:15","modified_gmt":"2017-05-31T10:18:15","slug":"rehabilitation-energetique","status":"publish","type":"page","link":"https:\/\/www.boille-associes.com\/en\/portfolio\/rehabilitation-energetique\/","title":{"rendered":"R\u00e9habilitation \u00e9nerg\u00e9tique"},"content":{"rendered":"","protected":false},"excerpt":{"rendered":"","protected":false},"author":1,"featured_media":0,"parent":200,"menu_order":0,"comment_status":"closed","ping_status":"closed","template":"template-projet.php","meta":{"_acf_changed":false,"footnotes":""},"categories":[13,16],"class_list":["post-578","page","type-page","status-publish","hentry","category-education","category-rehabilitation-restoration"],"acf":[],"yoast_head":"<!-- This site is optimized with the Yoast SEO plugin v27.3 - https:\/\/yoast.com\/product\/yoast-seo-wordpress\/ -->\n<title>R\u00e9habilitation \u00e9nerg\u00e9tique IUT Jean Luthier Tours - Boille et Associ\u00e9s<\/title>\n<meta name=\"description\" content=\"R\u00e9habilitation \u00e9nerg\u00e9tique de l&#039;IUT Jean Luthier \u00e0 Tours : isolation par l\u2019ext\u00e9rieur, menuiseries ext\u00e9rieures, isolation et r\u00e9fection de l\u2019\u00e9tanch\u00e9it\u00e9\" \/>\n<meta name=\"robots\" content=\"index, follow, max-snippet:-1, max-image-preview:large, max-video-preview:-1\" \/>\n<link rel=\"canonical\" href=\"https:\/\/www.boille-associes.com\/en\/portfolio\/rehabilitation-energetique\/\" \/>\n<meta property=\"og:locale\" content=\"en_US\" \/>\n<meta property=\"og:type\" content=\"article\" \/>\n<meta property=\"og:title\" content=\"R\u00e9habilitation \u00e9nerg\u00e9tique IUT Jean Luthier Tours - Boille et Associ\u00e9s\" \/>\n<meta property=\"og:description\" content=\"R\u00e9habilitation \u00e9nerg\u00e9tique de l&#039;IUT Jean Luthier \u00e0 Tours : isolation par l\u2019ext\u00e9rieur, menuiseries ext\u00e9rieures, isolation et r\u00e9fection de l\u2019\u00e9tanch\u00e9it\u00e9\" \/>\n<meta property=\"og:url\" content=\"https:\/\/www.boille-associes.com\/en\/portfolio\/rehabilitation-energetique\/\" \/>\n<meta property=\"og:site_name\" content=\"Boille et associ\u00e9s\" \/>\n<meta property=\"article:modified_time\" content=\"2017-05-31T10:18:15+00:00\" \/>\n<meta name=\"twitter:card\" content=\"summary_large_image\" \/>\n<script type=\"application\/ld+json\" class=\"yoast-schema-graph\">{\"@context\":\"https:\\\/\\\/schema.org\",\"@graph\":[{\"@type\":\"WebPage\",\"@id\":\"https:\\\/\\\/www.boille-associes.com\\\/en\\\/portfolio\\\/rehabilitation-energetique\\\/\",\"url\":\"https:\\\/\\\/www.boille-associes.com\\\/en\\\/portfolio\\\/rehabilitation-energetique\\\/\",\"name\":\"R\u00e9habilitation \u00e9nerg\u00e9tique IUT Jean Luthier Tours - Boille et Associ\u00e9s\",\"isPartOf\":{\"@id\":\"https:\\\/\\\/www.boille-associes.com\\\/#website\"},\"datePublished\":\"2016-05-08T23:47:02+00:00\",\"dateModified\":\"2017-05-31T10:18:15+00:00\",\"description\":\"R\u00e9habilitation \u00e9nerg\u00e9tique de l'IUT Jean Luthier \u00e0 Tours : isolation par l\u2019ext\u00e9rieur, menuiseries ext\u00e9rieures, isolation et r\u00e9fection de l\u2019\u00e9tanch\u00e9it\u00e9\",\"breadcrumb\":{\"@id\":\"https:\\\/\\\/www.boille-associes.com\\\/en\\\/portfolio\\\/rehabilitation-energetique\\\/#breadcrumb\"},\"inLanguage\":\"en-US\",\"potentialAction\":[{\"@type\":\"ReadAction\",\"target\":[\"https:\\\/\\\/www.boille-associes.com\\\/en\\\/portfolio\\\/rehabilitation-energetique\\\/\"]}]},{\"@type\":\"BreadcrumbList\",\"@id\":\"https:\\\/\\\/www.boille-associes.com\\\/en\\\/portfolio\\\/rehabilitation-energetique\\\/#breadcrumb\",\"itemListElement\":[{\"@type\":\"ListItem\",\"position\":1,\"name\":\"Accueil\",\"item\":\"https:\\\/\\\/www.boille-associes.com\\\/en\\\/\"},{\"@type\":\"ListItem\",\"position\":2,\"name\":\"Portfolio\",\"item\":\"https:\\\/\\\/www.boille-associes.com\\\/en\\\/portfolio\\\/\"},{\"@type\":\"ListItem\",\"position\":3,\"name\":\"R\u00e9habilitation \u00e9nerg\u00e9tique\"}]},{\"@type\":\"WebSite\",\"@id\":\"https:\\\/\\\/www.boille-associes.com\\\/#website\",\"url\":\"https:\\\/\\\/www.boille-associes.com\\\/\",\"name\":\"Boille et associ\u00e9s\",\"description\":\"Cabinet d&#039;architectes \u00e0 Tours\",\"potentialAction\":[{\"@type\":\"SearchAction\",\"target\":{\"@type\":\"EntryPoint\",\"urlTemplate\":\"https:\\\/\\\/www.boille-associes.com\\\/?s={search_term_string}\"},\"query-input\":{\"@type\":\"PropertyValueSpecification\",\"valueRequired\":true,\"valueName\":\"search_term_string\"}}],\"inLanguage\":\"en-US\"}]}<\/script>\n<!-- \/ Yoast SEO plugin. -->","yoast_head_json":{"title":"R\u00e9habilitation \u00e9nerg\u00e9tique IUT Jean Luthier Tours - Boille et Associ\u00e9s","description":"R\u00e9habilitation \u00e9nerg\u00e9tique de l'IUT Jean Luthier \u00e0 Tours : isolation par l\u2019ext\u00e9rieur, menuiseries ext\u00e9rieures, isolation et r\u00e9fection de l\u2019\u00e9tanch\u00e9it\u00e9","robots":{"index":"index","follow":"follow","max-snippet":"max-snippet:-1","max-image-preview":"max-image-preview:large","max-video-preview":"max-video-preview:-1"},"canonical":"https:\/\/www.boille-associes.com\/en\/portfolio\/rehabilitation-energetique\/","og_locale":"en_US","og_type":"article","og_title":"R\u00e9habilitation \u00e9nerg\u00e9tique IUT Jean Luthier Tours - Boille et Associ\u00e9s","og_description":"R\u00e9habilitation \u00e9nerg\u00e9tique de l'IUT Jean Luthier \u00e0 Tours : isolation par l\u2019ext\u00e9rieur, menuiseries ext\u00e9rieures, isolation et r\u00e9fection de l\u2019\u00e9tanch\u00e9it\u00e9","og_url":"https:\/\/www.boille-associes.com\/en\/portfolio\/rehabilitation-energetique\/","og_site_name":"Boille et associ\u00e9s","article_modified_time":"2017-05-31T10:18:15+00:00","twitter_card":"summary_large_image","schema":{"@context":"https:\/\/schema.org","@graph":[{"@type":"WebPage","@id":"https:\/\/www.boille-associes.com\/en\/portfolio\/rehabilitation-energetique\/","url":"https:\/\/www.boille-associes.com\/en\/portfolio\/rehabilitation-energetique\/","name":"R\u00e9habilitation \u00e9nerg\u00e9tique IUT Jean Luthier Tours - Boille et Associ\u00e9s","isPartOf":{"@id":"https:\/\/www.boille-associes.com\/#website"},"datePublished":"2016-05-08T23:47:02+00:00","dateModified":"2017-05-31T10:18:15+00:00","description":"R\u00e9habilitation \u00e9nerg\u00e9tique de l'IUT Jean Luthier \u00e0 Tours : isolation par l\u2019ext\u00e9rieur, menuiseries ext\u00e9rieures, isolation et r\u00e9fection de l\u2019\u00e9tanch\u00e9it\u00e9","breadcrumb":{"@id":"https:\/\/www.boille-associes.com\/en\/portfolio\/rehabilitation-energetique\/#breadcrumb"},"inLanguage":"en-US","potentialAction":[{"@type":"ReadAction","target":["https:\/\/www.boille-associes.com\/en\/portfolio\/rehabilitation-energetique\/"]}]},{"@type":"BreadcrumbList","@id":"https:\/\/www.boille-associes.com\/en\/portfolio\/rehabilitation-energetique\/#breadcrumb","itemListElement":[{"@type":"ListItem","position":1,"name":"Accueil","item":"https:\/\/www.boille-associes.com\/en\/"},{"@type":"ListItem","position":2,"name":"Portfolio","item":"https:\/\/www.boille-associes.com\/en\/portfolio\/"},{"@type":"ListItem","position":3,"name":"R\u00e9habilitation \u00e9nerg\u00e9tique"}]},{"@type":"WebSite","@id":"https:\/\/www.boille-associes.com\/#website","url":"https:\/\/www.boille-associes.com\/","name":"Boille et associ\u00e9s","description":"Cabinet d&#039;architectes \u00e0 Tours","potentialAction":[{"@type":"SearchAction","target":{"@type":"EntryPoint","urlTemplate":"https:\/\/www.boille-associes.com\/?s={search_term_string}"},"query-input":{"@type":"PropertyValueSpecification","valueRequired":true,"valueName":"search_term_string"}}],"inLanguage":"en-US"}]}},"_links":{"self":[{"href":"https:\/\/www.boille-associes.com\/en\/wp-json\/wp\/v2\/pages\/578","targetHints":{"allow":["GET"]}}],"collection":[{"href":"https:\/\/www.boille-associes.com\/en\/wp-json\/wp\/v2\/pages"}],"about":[{"href":"https:\/\/www.boille-associes.com\/en\/wp-json\/wp\/v2\/types\/page"}],"author":[{"embeddable":true,"href":"https:\/\/www.boille-associes.com\/en\/wp-json\/wp\/v2\/users\/1"}],"replies":[{"embeddable":true,"href":"https:\/\/www.boille-associes.com\/en\/wp-json\/wp\/v2\/comments?post=578"}],"version-history":[{"count":1,"href":"https:\/\/www.boille-associes.com\/en\/wp-json\/wp\/v2\/pages\/578\/revisions"}],"predecessor-version":[{"id":586,"href":"https:\/\/www.boille-associes.com\/en\/wp-json\/wp\/v2\/pages\/578\/revisions\/586"}],"up":[{"embeddable":true,"href":"https:\/\/www.boille-associes.com\/en\/wp-json\/wp\/v2\/pages\/200"}],"wp:attachment":[{"href":"https:\/\/www.boille-associes.com\/en\/wp-json\/wp\/v2\/media?parent=578"}],"wp:term":[{"taxonomy":"category","embeddable":true,"href":"https:\/\/www.boille-associes.com\/en\/wp-json\/wp\/v2\/categories?post=578"}],"curies":[{"name":"wp","href":"https:\/\/api.w.org\/{rel}","templated":true}]}}