{"id":569,"date":"2014-05-09T01:59:58","date_gmt":"2014-05-08T23:59:58","guid":{"rendered":"https:\/\/www.boille-associes.com\/portfolio\/petite-enfance-azay-cher\/"},"modified":"2017-06-01T15:52:11","modified_gmt":"2017-06-01T13:52:11","slug":"petite-enfance-azay-cher","status":"publish","type":"page","link":"https:\/\/www.boille-associes.com\/en\/portfolio\/petite-enfance-azay-cher\/","title":{"rendered":"Petite enfance Azay sur Cher"},"content":{"rendered":"","protected":false},"excerpt":{"rendered":"","protected":false},"author":1,"featured_media":0,"parent":200,"menu_order":0,"comment_status":"closed","ping_status":"closed","template":"template-projet.php","meta":{"_acf_changed":false,"footnotes":""},"categories":[13],"class_list":["post-569","page","type-page","status-publish","hentry","category-education"],"acf":[],"yoast_head":"<!-- This site is optimized with the Yoast SEO plugin v27.3 - https:\/\/yoast.com\/product\/yoast-seo-wordpress\/ -->\n<title>Maison de la petite enfance Azay sur Cher - Boille et Associ\u00e9s<\/title>\n<meta name=\"description\" content=\"Maison de la petite enfance : 16 places et relais assistant maternel. Centre de loisirs : accueil p\u00e9riscolaire et centre de loisirs sans h\u00e9bergement\" \/>\n<meta name=\"robots\" content=\"index, follow, max-snippet:-1, max-image-preview:large, max-video-preview:-1\" \/>\n<link rel=\"canonical\" href=\"https:\/\/www.boille-associes.com\/en\/portfolio\/petite-enfance-azay-cher\/\" \/>\n<meta property=\"og:locale\" content=\"en_US\" \/>\n<meta property=\"og:type\" content=\"article\" \/>\n<meta property=\"og:title\" content=\"Maison de la petite enfance Azay sur Cher - Boille et Associ\u00e9s\" \/>\n<meta property=\"og:description\" content=\"Maison de la petite enfance : 16 places et relais assistant maternel. Centre de loisirs : accueil p\u00e9riscolaire et centre de loisirs sans h\u00e9bergement\" \/>\n<meta property=\"og:url\" content=\"https:\/\/www.boille-associes.com\/en\/portfolio\/petite-enfance-azay-cher\/\" \/>\n<meta property=\"og:site_name\" content=\"Boille et associ\u00e9s\" \/>\n<meta property=\"article:modified_time\" content=\"2017-06-01T13:52:11+00:00\" \/>\n<meta name=\"twitter:card\" content=\"summary_large_image\" \/>\n<script type=\"application\/ld+json\" class=\"yoast-schema-graph\">{\"@context\":\"https:\\\/\\\/schema.org\",\"@graph\":[{\"@type\":\"WebPage\",\"@id\":\"https:\\\/\\\/www.boille-associes.com\\\/en\\\/portfolio\\\/petite-enfance-azay-cher\\\/\",\"url\":\"https:\\\/\\\/www.boille-associes.com\\\/en\\\/portfolio\\\/petite-enfance-azay-cher\\\/\",\"name\":\"Maison de la petite enfance Azay sur Cher - Boille et Associ\u00e9s\",\"isPartOf\":{\"@id\":\"https:\\\/\\\/www.boille-associes.com\\\/#website\"},\"datePublished\":\"2014-05-08T23:59:58+00:00\",\"dateModified\":\"2017-06-01T13:52:11+00:00\",\"description\":\"Maison de la petite enfance : 16 places et relais assistant maternel. Centre de loisirs : accueil p\u00e9riscolaire et centre de loisirs sans h\u00e9bergement\",\"breadcrumb\":{\"@id\":\"https:\\\/\\\/www.boille-associes.com\\\/en\\\/portfolio\\\/petite-enfance-azay-cher\\\/#breadcrumb\"},\"inLanguage\":\"en-US\",\"potentialAction\":[{\"@type\":\"ReadAction\",\"target\":[\"https:\\\/\\\/www.boille-associes.com\\\/en\\\/portfolio\\\/petite-enfance-azay-cher\\\/\"]}]},{\"@type\":\"BreadcrumbList\",\"@id\":\"https:\\\/\\\/www.boille-associes.com\\\/en\\\/portfolio\\\/petite-enfance-azay-cher\\\/#breadcrumb\",\"itemListElement\":[{\"@type\":\"ListItem\",\"position\":1,\"name\":\"Accueil\",\"item\":\"https:\\\/\\\/www.boille-associes.com\\\/en\\\/\"},{\"@type\":\"ListItem\",\"position\":2,\"name\":\"Portfolio\",\"item\":\"https:\\\/\\\/www.boille-associes.com\\\/en\\\/portfolio\\\/\"},{\"@type\":\"ListItem\",\"position\":3,\"name\":\"Petite enfance Azay sur Cher\"}]},{\"@type\":\"WebSite\",\"@id\":\"https:\\\/\\\/www.boille-associes.com\\\/#website\",\"url\":\"https:\\\/\\\/www.boille-associes.com\\\/\",\"name\":\"Boille et associ\u00e9s\",\"description\":\"Cabinet d&#039;architectes \u00e0 Tours\",\"potentialAction\":[{\"@type\":\"SearchAction\",\"target\":{\"@type\":\"EntryPoint\",\"urlTemplate\":\"https:\\\/\\\/www.boille-associes.com\\\/?s={search_term_string}\"},\"query-input\":{\"@type\":\"PropertyValueSpecification\",\"valueRequired\":true,\"valueName\":\"search_term_string\"}}],\"inLanguage\":\"en-US\"}]}<\/script>\n<!-- \/ Yoast SEO plugin. -->","yoast_head_json":{"title":"Maison de la petite enfance Azay sur Cher - Boille et Associ\u00e9s","description":"Maison de la petite enfance : 16 places et relais assistant maternel. Centre de loisirs : accueil p\u00e9riscolaire et centre de loisirs sans h\u00e9bergement","robots":{"index":"index","follow":"follow","max-snippet":"max-snippet:-1","max-image-preview":"max-image-preview:large","max-video-preview":"max-video-preview:-1"},"canonical":"https:\/\/www.boille-associes.com\/en\/portfolio\/petite-enfance-azay-cher\/","og_locale":"en_US","og_type":"article","og_title":"Maison de la petite enfance Azay sur Cher - Boille et Associ\u00e9s","og_description":"Maison de la petite enfance : 16 places et relais assistant maternel. Centre de loisirs : accueil p\u00e9riscolaire et centre de loisirs sans h\u00e9bergement","og_url":"https:\/\/www.boille-associes.com\/en\/portfolio\/petite-enfance-azay-cher\/","og_site_name":"Boille et associ\u00e9s","article_modified_time":"2017-06-01T13:52:11+00:00","twitter_card":"summary_large_image","schema":{"@context":"https:\/\/schema.org","@graph":[{"@type":"WebPage","@id":"https:\/\/www.boille-associes.com\/en\/portfolio\/petite-enfance-azay-cher\/","url":"https:\/\/www.boille-associes.com\/en\/portfolio\/petite-enfance-azay-cher\/","name":"Maison de la petite enfance Azay sur Cher - Boille et Associ\u00e9s","isPartOf":{"@id":"https:\/\/www.boille-associes.com\/#website"},"datePublished":"2014-05-08T23:59:58+00:00","dateModified":"2017-06-01T13:52:11+00:00","description":"Maison de la petite enfance : 16 places et relais assistant maternel. Centre de loisirs : accueil p\u00e9riscolaire et centre de loisirs sans h\u00e9bergement","breadcrumb":{"@id":"https:\/\/www.boille-associes.com\/en\/portfolio\/petite-enfance-azay-cher\/#breadcrumb"},"inLanguage":"en-US","potentialAction":[{"@type":"ReadAction","target":["https:\/\/www.boille-associes.com\/en\/portfolio\/petite-enfance-azay-cher\/"]}]},{"@type":"BreadcrumbList","@id":"https:\/\/www.boille-associes.com\/en\/portfolio\/petite-enfance-azay-cher\/#breadcrumb","itemListElement":[{"@type":"ListItem","position":1,"name":"Accueil","item":"https:\/\/www.boille-associes.com\/en\/"},{"@type":"ListItem","position":2,"name":"Portfolio","item":"https:\/\/www.boille-associes.com\/en\/portfolio\/"},{"@type":"ListItem","position":3,"name":"Petite enfance Azay sur Cher"}]},{"@type":"WebSite","@id":"https:\/\/www.boille-associes.com\/#website","url":"https:\/\/www.boille-associes.com\/","name":"Boille et associ\u00e9s","description":"Cabinet d&#039;architectes \u00e0 Tours","potentialAction":[{"@type":"SearchAction","target":{"@type":"EntryPoint","urlTemplate":"https:\/\/www.boille-associes.com\/?s={search_term_string}"},"query-input":{"@type":"PropertyValueSpecification","valueRequired":true,"valueName":"search_term_string"}}],"inLanguage":"en-US"}]}},"_links":{"self":[{"href":"https:\/\/www.boille-associes.com\/en\/wp-json\/wp\/v2\/pages\/569","targetHints":{"allow":["GET"]}}],"collection":[{"href":"https:\/\/www.boille-associes.com\/en\/wp-json\/wp\/v2\/pages"}],"about":[{"href":"https:\/\/www.boille-associes.com\/en\/wp-json\/wp\/v2\/types\/page"}],"author":[{"embeddable":true,"href":"https:\/\/www.boille-associes.com\/en\/wp-json\/wp\/v2\/users\/1"}],"replies":[{"embeddable":true,"href":"https:\/\/www.boille-associes.com\/en\/wp-json\/wp\/v2\/comments?post=569"}],"version-history":[{"count":2,"href":"https:\/\/www.boille-associes.com\/en\/wp-json\/wp\/v2\/pages\/569\/revisions"}],"predecessor-version":[{"id":711,"href":"https:\/\/www.boille-associes.com\/en\/wp-json\/wp\/v2\/pages\/569\/revisions\/711"}],"up":[{"embeddable":true,"href":"https:\/\/www.boille-associes.com\/en\/wp-json\/wp\/v2\/pages\/200"}],"wp:attachment":[{"href":"https:\/\/www.boille-associes.com\/en\/wp-json\/wp\/v2\/media?parent=569"}],"wp:term":[{"taxonomy":"category","embeddable":true,"href":"https:\/\/www.boille-associes.com\/en\/wp-json\/wp\/v2\/categories?post=569"}],"curies":[{"name":"wp","href":"https:\/\/api.w.org\/{rel}","templated":true}]}}