{"id":567,"date":"2017-05-09T00:56:13","date_gmt":"2017-05-08T22:56:13","guid":{"rendered":"https:\/\/www.boille-associes.com\/portfolio\/parmentier\/"},"modified":"2017-06-01T15:49:35","modified_gmt":"2017-06-01T13:49:35","slug":"parmentier","status":"publish","type":"page","link":"https:\/\/www.boille-associes.com\/en\/portfolio\/parmentier\/","title":{"rendered":"Parmentier"},"content":{"rendered":"","protected":false},"excerpt":{"rendered":"","protected":false},"author":1,"featured_media":0,"parent":200,"menu_order":0,"comment_status":"closed","ping_status":"closed","template":"template-projet.php","meta":{"_acf_changed":false,"footnotes":""},"categories":[15],"class_list":["post-567","page","type-page","status-publish","hentry","category-housing"],"acf":[],"yoast_head":"<!-- This site is optimized with the Yoast SEO plugin v27.3 - https:\/\/yoast.com\/product\/yoast-seo-wordpress\/ -->\n<title>Parmentier projet de logements neufs \u00e0 Tours - Boille et Associ\u00e9s<\/title>\n<meta name=\"description\" content=\"La r\u00e9sidence Parmentier est un projet de logements neufs \u00e0 Tours en accession \u00e0 la propri\u00e9t\u00e9. Ce projet a \u00e9t\u00e9 r\u00e9alis\u00e9 par Boille et Associ\u00e9s architectes\" \/>\n<meta name=\"robots\" content=\"index, follow, max-snippet:-1, max-image-preview:large, max-video-preview:-1\" \/>\n<link rel=\"canonical\" href=\"https:\/\/www.boille-associes.com\/en\/portfolio\/parmentier\/\" \/>\n<meta property=\"og:locale\" content=\"en_US\" \/>\n<meta property=\"og:type\" content=\"article\" \/>\n<meta property=\"og:title\" content=\"Parmentier projet de logements neufs \u00e0 Tours - Boille et Associ\u00e9s\" \/>\n<meta property=\"og:description\" content=\"La r\u00e9sidence Parmentier est un projet de logements neufs \u00e0 Tours en accession \u00e0 la propri\u00e9t\u00e9. Ce projet a \u00e9t\u00e9 r\u00e9alis\u00e9 par Boille et Associ\u00e9s architectes\" \/>\n<meta property=\"og:url\" content=\"https:\/\/www.boille-associes.com\/en\/portfolio\/parmentier\/\" \/>\n<meta property=\"og:site_name\" content=\"Boille et associ\u00e9s\" \/>\n<meta property=\"article:modified_time\" content=\"2017-06-01T13:49:35+00:00\" \/>\n<meta name=\"twitter:card\" content=\"summary_large_image\" \/>\n<script type=\"application\/ld+json\" class=\"yoast-schema-graph\">{\"@context\":\"https:\\\/\\\/schema.org\",\"@graph\":[{\"@type\":\"WebPage\",\"@id\":\"https:\\\/\\\/www.boille-associes.com\\\/en\\\/portfolio\\\/parmentier\\\/\",\"url\":\"https:\\\/\\\/www.boille-associes.com\\\/en\\\/portfolio\\\/parmentier\\\/\",\"name\":\"Parmentier projet de logements neufs \u00e0 Tours - Boille et Associ\u00e9s\",\"isPartOf\":{\"@id\":\"https:\\\/\\\/www.boille-associes.com\\\/#website\"},\"datePublished\":\"2017-05-08T22:56:13+00:00\",\"dateModified\":\"2017-06-01T13:49:35+00:00\",\"description\":\"La r\u00e9sidence Parmentier est un projet de logements neufs \u00e0 Tours en accession \u00e0 la propri\u00e9t\u00e9. Ce projet a \u00e9t\u00e9 r\u00e9alis\u00e9 par Boille et Associ\u00e9s architectes\",\"breadcrumb\":{\"@id\":\"https:\\\/\\\/www.boille-associes.com\\\/en\\\/portfolio\\\/parmentier\\\/#breadcrumb\"},\"inLanguage\":\"en-US\",\"potentialAction\":[{\"@type\":\"ReadAction\",\"target\":[\"https:\\\/\\\/www.boille-associes.com\\\/en\\\/portfolio\\\/parmentier\\\/\"]}]},{\"@type\":\"BreadcrumbList\",\"@id\":\"https:\\\/\\\/www.boille-associes.com\\\/en\\\/portfolio\\\/parmentier\\\/#breadcrumb\",\"itemListElement\":[{\"@type\":\"ListItem\",\"position\":1,\"name\":\"Accueil\",\"item\":\"https:\\\/\\\/www.boille-associes.com\\\/en\\\/\"},{\"@type\":\"ListItem\",\"position\":2,\"name\":\"Portfolio\",\"item\":\"https:\\\/\\\/www.boille-associes.com\\\/en\\\/portfolio\\\/\"},{\"@type\":\"ListItem\",\"position\":3,\"name\":\"Parmentier\"}]},{\"@type\":\"WebSite\",\"@id\":\"https:\\\/\\\/www.boille-associes.com\\\/#website\",\"url\":\"https:\\\/\\\/www.boille-associes.com\\\/\",\"name\":\"Boille et associ\u00e9s\",\"description\":\"Cabinet d&#039;architectes \u00e0 Tours\",\"potentialAction\":[{\"@type\":\"SearchAction\",\"target\":{\"@type\":\"EntryPoint\",\"urlTemplate\":\"https:\\\/\\\/www.boille-associes.com\\\/?s={search_term_string}\"},\"query-input\":{\"@type\":\"PropertyValueSpecification\",\"valueRequired\":true,\"valueName\":\"search_term_string\"}}],\"inLanguage\":\"en-US\"}]}<\/script>\n<!-- \/ Yoast SEO plugin. -->","yoast_head_json":{"title":"Parmentier projet de logements neufs \u00e0 Tours - Boille et Associ\u00e9s","description":"La r\u00e9sidence Parmentier est un projet de logements neufs \u00e0 Tours en accession \u00e0 la propri\u00e9t\u00e9. Ce projet a \u00e9t\u00e9 r\u00e9alis\u00e9 par Boille et Associ\u00e9s architectes","robots":{"index":"index","follow":"follow","max-snippet":"max-snippet:-1","max-image-preview":"max-image-preview:large","max-video-preview":"max-video-preview:-1"},"canonical":"https:\/\/www.boille-associes.com\/en\/portfolio\/parmentier\/","og_locale":"en_US","og_type":"article","og_title":"Parmentier projet de logements neufs \u00e0 Tours - Boille et Associ\u00e9s","og_description":"La r\u00e9sidence Parmentier est un projet de logements neufs \u00e0 Tours en accession \u00e0 la propri\u00e9t\u00e9. Ce projet a \u00e9t\u00e9 r\u00e9alis\u00e9 par Boille et Associ\u00e9s architectes","og_url":"https:\/\/www.boille-associes.com\/en\/portfolio\/parmentier\/","og_site_name":"Boille et associ\u00e9s","article_modified_time":"2017-06-01T13:49:35+00:00","twitter_card":"summary_large_image","schema":{"@context":"https:\/\/schema.org","@graph":[{"@type":"WebPage","@id":"https:\/\/www.boille-associes.com\/en\/portfolio\/parmentier\/","url":"https:\/\/www.boille-associes.com\/en\/portfolio\/parmentier\/","name":"Parmentier projet de logements neufs \u00e0 Tours - Boille et Associ\u00e9s","isPartOf":{"@id":"https:\/\/www.boille-associes.com\/#website"},"datePublished":"2017-05-08T22:56:13+00:00","dateModified":"2017-06-01T13:49:35+00:00","description":"La r\u00e9sidence Parmentier est un projet de logements neufs \u00e0 Tours en accession \u00e0 la propri\u00e9t\u00e9. Ce projet a \u00e9t\u00e9 r\u00e9alis\u00e9 par Boille et Associ\u00e9s architectes","breadcrumb":{"@id":"https:\/\/www.boille-associes.com\/en\/portfolio\/parmentier\/#breadcrumb"},"inLanguage":"en-US","potentialAction":[{"@type":"ReadAction","target":["https:\/\/www.boille-associes.com\/en\/portfolio\/parmentier\/"]}]},{"@type":"BreadcrumbList","@id":"https:\/\/www.boille-associes.com\/en\/portfolio\/parmentier\/#breadcrumb","itemListElement":[{"@type":"ListItem","position":1,"name":"Accueil","item":"https:\/\/www.boille-associes.com\/en\/"},{"@type":"ListItem","position":2,"name":"Portfolio","item":"https:\/\/www.boille-associes.com\/en\/portfolio\/"},{"@type":"ListItem","position":3,"name":"Parmentier"}]},{"@type":"WebSite","@id":"https:\/\/www.boille-associes.com\/#website","url":"https:\/\/www.boille-associes.com\/","name":"Boille et associ\u00e9s","description":"Cabinet d&#039;architectes \u00e0 Tours","potentialAction":[{"@type":"SearchAction","target":{"@type":"EntryPoint","urlTemplate":"https:\/\/www.boille-associes.com\/?s={search_term_string}"},"query-input":{"@type":"PropertyValueSpecification","valueRequired":true,"valueName":"search_term_string"}}],"inLanguage":"en-US"}]}},"_links":{"self":[{"href":"https:\/\/www.boille-associes.com\/en\/wp-json\/wp\/v2\/pages\/567","targetHints":{"allow":["GET"]}}],"collection":[{"href":"https:\/\/www.boille-associes.com\/en\/wp-json\/wp\/v2\/pages"}],"about":[{"href":"https:\/\/www.boille-associes.com\/en\/wp-json\/wp\/v2\/types\/page"}],"author":[{"embeddable":true,"href":"https:\/\/www.boille-associes.com\/en\/wp-json\/wp\/v2\/users\/1"}],"replies":[{"embeddable":true,"href":"https:\/\/www.boille-associes.com\/en\/wp-json\/wp\/v2\/comments?post=567"}],"version-history":[{"count":2,"href":"https:\/\/www.boille-associes.com\/en\/wp-json\/wp\/v2\/pages\/567\/revisions"}],"predecessor-version":[{"id":709,"href":"https:\/\/www.boille-associes.com\/en\/wp-json\/wp\/v2\/pages\/567\/revisions\/709"}],"up":[{"embeddable":true,"href":"https:\/\/www.boille-associes.com\/en\/wp-json\/wp\/v2\/pages\/200"}],"wp:attachment":[{"href":"https:\/\/www.boille-associes.com\/en\/wp-json\/wp\/v2\/media?parent=567"}],"wp:term":[{"taxonomy":"category","embeddable":true,"href":"https:\/\/www.boille-associes.com\/en\/wp-json\/wp\/v2\/categories?post=567"}],"curies":[{"name":"wp","href":"https:\/\/api.w.org\/{rel}","templated":true}]}}