{"id":566,"date":"2010-05-09T00:14:23","date_gmt":"2010-05-08T22:14:23","guid":{"rendered":"https:\/\/www.boille-associes.com\/portfolio\/odyssee-bureaux\/"},"modified":"2017-06-01T15:48:36","modified_gmt":"2017-06-01T13:48:36","slug":"odyssee-bureaux","status":"publish","type":"page","link":"https:\/\/www.boille-associes.com\/en\/portfolio\/odyssee-bureaux\/","title":{"rendered":"Odyss\u00e9e Bureaux"},"content":{"rendered":"","protected":false},"excerpt":{"rendered":"","protected":false},"author":1,"featured_media":0,"parent":200,"menu_order":0,"comment_status":"closed","ping_status":"closed","template":"template-projet.php","meta":{"_acf_changed":false,"footnotes":""},"categories":[15,12],"class_list":["post-566","page","type-page","status-publish","hentry","category-housing","category-offices"],"acf":[],"yoast_head":"<!-- This site is optimized with the Yoast SEO plugin v27.3 - https:\/\/yoast.com\/product\/yoast-seo-wordpress\/ -->\n<title>Odyss\u00e9e bureaux logements \u00e0 Tours : projet r\u00e9alis\u00e9 par Boille et Associ\u00e9s<\/title>\n<meta name=\"description\" content=\"Odyss\u00e9e bureaux est un ensemble comprenant des bureaux, une r\u00e9sidence h\u00f4teli\u00e8re et des logements. Un ensemble r\u00e9alis\u00e9 sur d&#039;anciens terrains de la SNCF\" \/>\n<meta name=\"robots\" content=\"index, follow, max-snippet:-1, max-image-preview:large, max-video-preview:-1\" \/>\n<link rel=\"canonical\" href=\"https:\/\/www.boille-associes.com\/en\/portfolio\/odyssee-bureaux\/\" \/>\n<meta property=\"og:locale\" content=\"en_US\" \/>\n<meta property=\"og:type\" content=\"article\" \/>\n<meta property=\"og:title\" content=\"Odyss\u00e9e bureaux logements \u00e0 Tours : projet r\u00e9alis\u00e9 par Boille et Associ\u00e9s\" \/>\n<meta property=\"og:description\" content=\"Odyss\u00e9e bureaux est un ensemble comprenant des bureaux, une r\u00e9sidence h\u00f4teli\u00e8re et des logements. Un ensemble r\u00e9alis\u00e9 sur d&#039;anciens terrains de la SNCF\" \/>\n<meta property=\"og:url\" content=\"https:\/\/www.boille-associes.com\/en\/portfolio\/odyssee-bureaux\/\" \/>\n<meta property=\"og:site_name\" content=\"Boille et associ\u00e9s\" \/>\n<meta property=\"article:modified_time\" content=\"2017-06-01T13:48:36+00:00\" \/>\n<meta name=\"twitter:card\" content=\"summary_large_image\" \/>\n<script type=\"application\/ld+json\" class=\"yoast-schema-graph\">{\"@context\":\"https:\\\/\\\/schema.org\",\"@graph\":[{\"@type\":\"WebPage\",\"@id\":\"https:\\\/\\\/www.boille-associes.com\\\/en\\\/portfolio\\\/odyssee-bureaux\\\/\",\"url\":\"https:\\\/\\\/www.boille-associes.com\\\/en\\\/portfolio\\\/odyssee-bureaux\\\/\",\"name\":\"Odyss\u00e9e bureaux logements \u00e0 Tours : projet r\u00e9alis\u00e9 par Boille et Associ\u00e9s\",\"isPartOf\":{\"@id\":\"https:\\\/\\\/www.boille-associes.com\\\/#website\"},\"datePublished\":\"2010-05-08T22:14:23+00:00\",\"dateModified\":\"2017-06-01T13:48:36+00:00\",\"description\":\"Odyss\u00e9e bureaux est un ensemble comprenant des bureaux, une r\u00e9sidence h\u00f4teli\u00e8re et des logements. Un ensemble r\u00e9alis\u00e9 sur d'anciens terrains de la SNCF\",\"breadcrumb\":{\"@id\":\"https:\\\/\\\/www.boille-associes.com\\\/en\\\/portfolio\\\/odyssee-bureaux\\\/#breadcrumb\"},\"inLanguage\":\"en-US\",\"potentialAction\":[{\"@type\":\"ReadAction\",\"target\":[\"https:\\\/\\\/www.boille-associes.com\\\/en\\\/portfolio\\\/odyssee-bureaux\\\/\"]}]},{\"@type\":\"BreadcrumbList\",\"@id\":\"https:\\\/\\\/www.boille-associes.com\\\/en\\\/portfolio\\\/odyssee-bureaux\\\/#breadcrumb\",\"itemListElement\":[{\"@type\":\"ListItem\",\"position\":1,\"name\":\"Accueil\",\"item\":\"https:\\\/\\\/www.boille-associes.com\\\/en\\\/\"},{\"@type\":\"ListItem\",\"position\":2,\"name\":\"Portfolio\",\"item\":\"https:\\\/\\\/www.boille-associes.com\\\/en\\\/portfolio\\\/\"},{\"@type\":\"ListItem\",\"position\":3,\"name\":\"Odyss\u00e9e Bureaux\"}]},{\"@type\":\"WebSite\",\"@id\":\"https:\\\/\\\/www.boille-associes.com\\\/#website\",\"url\":\"https:\\\/\\\/www.boille-associes.com\\\/\",\"name\":\"Boille et associ\u00e9s\",\"description\":\"Cabinet d&#039;architectes \u00e0 Tours\",\"potentialAction\":[{\"@type\":\"SearchAction\",\"target\":{\"@type\":\"EntryPoint\",\"urlTemplate\":\"https:\\\/\\\/www.boille-associes.com\\\/?s={search_term_string}\"},\"query-input\":{\"@type\":\"PropertyValueSpecification\",\"valueRequired\":true,\"valueName\":\"search_term_string\"}}],\"inLanguage\":\"en-US\"}]}<\/script>\n<!-- \/ Yoast SEO plugin. -->","yoast_head_json":{"title":"Odyss\u00e9e bureaux logements \u00e0 Tours : projet r\u00e9alis\u00e9 par Boille et Associ\u00e9s","description":"Odyss\u00e9e bureaux est un ensemble comprenant des bureaux, une r\u00e9sidence h\u00f4teli\u00e8re et des logements. Un ensemble r\u00e9alis\u00e9 sur d'anciens terrains de la SNCF","robots":{"index":"index","follow":"follow","max-snippet":"max-snippet:-1","max-image-preview":"max-image-preview:large","max-video-preview":"max-video-preview:-1"},"canonical":"https:\/\/www.boille-associes.com\/en\/portfolio\/odyssee-bureaux\/","og_locale":"en_US","og_type":"article","og_title":"Odyss\u00e9e bureaux logements \u00e0 Tours : projet r\u00e9alis\u00e9 par Boille et Associ\u00e9s","og_description":"Odyss\u00e9e bureaux est un ensemble comprenant des bureaux, une r\u00e9sidence h\u00f4teli\u00e8re et des logements. Un ensemble r\u00e9alis\u00e9 sur d'anciens terrains de la SNCF","og_url":"https:\/\/www.boille-associes.com\/en\/portfolio\/odyssee-bureaux\/","og_site_name":"Boille et associ\u00e9s","article_modified_time":"2017-06-01T13:48:36+00:00","twitter_card":"summary_large_image","schema":{"@context":"https:\/\/schema.org","@graph":[{"@type":"WebPage","@id":"https:\/\/www.boille-associes.com\/en\/portfolio\/odyssee-bureaux\/","url":"https:\/\/www.boille-associes.com\/en\/portfolio\/odyssee-bureaux\/","name":"Odyss\u00e9e bureaux logements \u00e0 Tours : projet r\u00e9alis\u00e9 par Boille et Associ\u00e9s","isPartOf":{"@id":"https:\/\/www.boille-associes.com\/#website"},"datePublished":"2010-05-08T22:14:23+00:00","dateModified":"2017-06-01T13:48:36+00:00","description":"Odyss\u00e9e bureaux est un ensemble comprenant des bureaux, une r\u00e9sidence h\u00f4teli\u00e8re et des logements. Un ensemble r\u00e9alis\u00e9 sur d'anciens terrains de la SNCF","breadcrumb":{"@id":"https:\/\/www.boille-associes.com\/en\/portfolio\/odyssee-bureaux\/#breadcrumb"},"inLanguage":"en-US","potentialAction":[{"@type":"ReadAction","target":["https:\/\/www.boille-associes.com\/en\/portfolio\/odyssee-bureaux\/"]}]},{"@type":"BreadcrumbList","@id":"https:\/\/www.boille-associes.com\/en\/portfolio\/odyssee-bureaux\/#breadcrumb","itemListElement":[{"@type":"ListItem","position":1,"name":"Accueil","item":"https:\/\/www.boille-associes.com\/en\/"},{"@type":"ListItem","position":2,"name":"Portfolio","item":"https:\/\/www.boille-associes.com\/en\/portfolio\/"},{"@type":"ListItem","position":3,"name":"Odyss\u00e9e Bureaux"}]},{"@type":"WebSite","@id":"https:\/\/www.boille-associes.com\/#website","url":"https:\/\/www.boille-associes.com\/","name":"Boille et associ\u00e9s","description":"Cabinet d&#039;architectes \u00e0 Tours","potentialAction":[{"@type":"SearchAction","target":{"@type":"EntryPoint","urlTemplate":"https:\/\/www.boille-associes.com\/?s={search_term_string}"},"query-input":{"@type":"PropertyValueSpecification","valueRequired":true,"valueName":"search_term_string"}}],"inLanguage":"en-US"}]}},"_links":{"self":[{"href":"https:\/\/www.boille-associes.com\/en\/wp-json\/wp\/v2\/pages\/566","targetHints":{"allow":["GET"]}}],"collection":[{"href":"https:\/\/www.boille-associes.com\/en\/wp-json\/wp\/v2\/pages"}],"about":[{"href":"https:\/\/www.boille-associes.com\/en\/wp-json\/wp\/v2\/types\/page"}],"author":[{"embeddable":true,"href":"https:\/\/www.boille-associes.com\/en\/wp-json\/wp\/v2\/users\/1"}],"replies":[{"embeddable":true,"href":"https:\/\/www.boille-associes.com\/en\/wp-json\/wp\/v2\/comments?post=566"}],"version-history":[{"count":2,"href":"https:\/\/www.boille-associes.com\/en\/wp-json\/wp\/v2\/pages\/566\/revisions"}],"predecessor-version":[{"id":707,"href":"https:\/\/www.boille-associes.com\/en\/wp-json\/wp\/v2\/pages\/566\/revisions\/707"}],"up":[{"embeddable":true,"href":"https:\/\/www.boille-associes.com\/en\/wp-json\/wp\/v2\/pages\/200"}],"wp:attachment":[{"href":"https:\/\/www.boille-associes.com\/en\/wp-json\/wp\/v2\/media?parent=566"}],"wp:term":[{"taxonomy":"category","embeddable":true,"href":"https:\/\/www.boille-associes.com\/en\/wp-json\/wp\/v2\/categories?post=566"}],"curies":[{"name":"wp","href":"https:\/\/api.w.org\/{rel}","templated":true}]}}