{"id":535,"date":"2015-05-09T00:23:00","date_gmt":"2015-05-08T22:23:00","guid":{"rendered":"https:\/\/www.boille-associes.com\/portfolio\/la-nef\/"},"modified":"2017-06-01T15:44:46","modified_gmt":"2017-06-01T13:44:46","slug":"la-nef","status":"publish","type":"page","link":"https:\/\/www.boille-associes.com\/en\/portfolio\/la-nef\/","title":{"rendered":"La Nef"},"content":{"rendered":"","protected":false},"excerpt":{"rendered":"","protected":false},"author":1,"featured_media":0,"parent":200,"menu_order":0,"comment_status":"closed","ping_status":"closed","template":"template-projet.php","meta":{"_acf_changed":false,"footnotes":""},"categories":[15,12,16],"class_list":["post-535","page","type-page","status-publish","hentry","category-housing","category-offices","category-rehabilitation-restoration"],"acf":[],"yoast_head":"<!-- This site is optimized with the Yoast SEO plugin v27.3 - https:\/\/yoast.com\/product\/yoast-seo-wordpress\/ -->\n<title>La Nef r\u00e9habilitation de bureaux logements \u00e0 Tours - Boille et Associ\u00e9s<\/title>\n<meta name=\"description\" content=\"R\u00e9habilitation du centre de tri postal \u00e0 Tours en un ensemble intitul\u00e9 \u201cLa Nef\u201d : projet mixte de bureaux et logements. Concept \u00e9nerg\u00e9tique innovant\" \/>\n<meta name=\"robots\" content=\"index, follow, max-snippet:-1, max-image-preview:large, max-video-preview:-1\" \/>\n<link rel=\"canonical\" href=\"https:\/\/www.boille-associes.com\/en\/portfolio\/la-nef\/\" \/>\n<meta property=\"og:locale\" content=\"en_US\" \/>\n<meta property=\"og:type\" content=\"article\" \/>\n<meta property=\"og:title\" content=\"La Nef r\u00e9habilitation de bureaux logements \u00e0 Tours - Boille et Associ\u00e9s\" \/>\n<meta property=\"og:description\" content=\"R\u00e9habilitation du centre de tri postal \u00e0 Tours en un ensemble intitul\u00e9 \u201cLa Nef\u201d : projet mixte de bureaux et logements. Concept \u00e9nerg\u00e9tique innovant\" \/>\n<meta property=\"og:url\" content=\"https:\/\/www.boille-associes.com\/en\/portfolio\/la-nef\/\" \/>\n<meta property=\"og:site_name\" content=\"Boille et associ\u00e9s\" \/>\n<meta property=\"article:modified_time\" content=\"2017-06-01T13:44:46+00:00\" \/>\n<meta name=\"twitter:card\" content=\"summary_large_image\" \/>\n<script type=\"application\/ld+json\" class=\"yoast-schema-graph\">{\"@context\":\"https:\\\/\\\/schema.org\",\"@graph\":[{\"@type\":\"WebPage\",\"@id\":\"https:\\\/\\\/www.boille-associes.com\\\/en\\\/portfolio\\\/la-nef\\\/\",\"url\":\"https:\\\/\\\/www.boille-associes.com\\\/en\\\/portfolio\\\/la-nef\\\/\",\"name\":\"La Nef r\u00e9habilitation de bureaux logements \u00e0 Tours - Boille et Associ\u00e9s\",\"isPartOf\":{\"@id\":\"https:\\\/\\\/www.boille-associes.com\\\/#website\"},\"datePublished\":\"2015-05-08T22:23:00+00:00\",\"dateModified\":\"2017-06-01T13:44:46+00:00\",\"description\":\"R\u00e9habilitation du centre de tri postal \u00e0 Tours en un ensemble intitul\u00e9 \u201cLa Nef\u201d : projet mixte de bureaux et logements. Concept \u00e9nerg\u00e9tique innovant\",\"breadcrumb\":{\"@id\":\"https:\\\/\\\/www.boille-associes.com\\\/en\\\/portfolio\\\/la-nef\\\/#breadcrumb\"},\"inLanguage\":\"en-US\",\"potentialAction\":[{\"@type\":\"ReadAction\",\"target\":[\"https:\\\/\\\/www.boille-associes.com\\\/en\\\/portfolio\\\/la-nef\\\/\"]}]},{\"@type\":\"BreadcrumbList\",\"@id\":\"https:\\\/\\\/www.boille-associes.com\\\/en\\\/portfolio\\\/la-nef\\\/#breadcrumb\",\"itemListElement\":[{\"@type\":\"ListItem\",\"position\":1,\"name\":\"Accueil\",\"item\":\"https:\\\/\\\/www.boille-associes.com\\\/en\\\/\"},{\"@type\":\"ListItem\",\"position\":2,\"name\":\"Portfolio\",\"item\":\"https:\\\/\\\/www.boille-associes.com\\\/en\\\/portfolio\\\/\"},{\"@type\":\"ListItem\",\"position\":3,\"name\":\"La Nef\"}]},{\"@type\":\"WebSite\",\"@id\":\"https:\\\/\\\/www.boille-associes.com\\\/#website\",\"url\":\"https:\\\/\\\/www.boille-associes.com\\\/\",\"name\":\"Boille et associ\u00e9s\",\"description\":\"Cabinet d&#039;architectes \u00e0 Tours\",\"potentialAction\":[{\"@type\":\"SearchAction\",\"target\":{\"@type\":\"EntryPoint\",\"urlTemplate\":\"https:\\\/\\\/www.boille-associes.com\\\/?s={search_term_string}\"},\"query-input\":{\"@type\":\"PropertyValueSpecification\",\"valueRequired\":true,\"valueName\":\"search_term_string\"}}],\"inLanguage\":\"en-US\"}]}<\/script>\n<!-- \/ Yoast SEO plugin. -->","yoast_head_json":{"title":"La Nef r\u00e9habilitation de bureaux logements \u00e0 Tours - Boille et Associ\u00e9s","description":"R\u00e9habilitation du centre de tri postal \u00e0 Tours en un ensemble intitul\u00e9 \u201cLa Nef\u201d : projet mixte de bureaux et logements. Concept \u00e9nerg\u00e9tique innovant","robots":{"index":"index","follow":"follow","max-snippet":"max-snippet:-1","max-image-preview":"max-image-preview:large","max-video-preview":"max-video-preview:-1"},"canonical":"https:\/\/www.boille-associes.com\/en\/portfolio\/la-nef\/","og_locale":"en_US","og_type":"article","og_title":"La Nef r\u00e9habilitation de bureaux logements \u00e0 Tours - Boille et Associ\u00e9s","og_description":"R\u00e9habilitation du centre de tri postal \u00e0 Tours en un ensemble intitul\u00e9 \u201cLa Nef\u201d : projet mixte de bureaux et logements. Concept \u00e9nerg\u00e9tique innovant","og_url":"https:\/\/www.boille-associes.com\/en\/portfolio\/la-nef\/","og_site_name":"Boille et associ\u00e9s","article_modified_time":"2017-06-01T13:44:46+00:00","twitter_card":"summary_large_image","schema":{"@context":"https:\/\/schema.org","@graph":[{"@type":"WebPage","@id":"https:\/\/www.boille-associes.com\/en\/portfolio\/la-nef\/","url":"https:\/\/www.boille-associes.com\/en\/portfolio\/la-nef\/","name":"La Nef r\u00e9habilitation de bureaux logements \u00e0 Tours - Boille et Associ\u00e9s","isPartOf":{"@id":"https:\/\/www.boille-associes.com\/#website"},"datePublished":"2015-05-08T22:23:00+00:00","dateModified":"2017-06-01T13:44:46+00:00","description":"R\u00e9habilitation du centre de tri postal \u00e0 Tours en un ensemble intitul\u00e9 \u201cLa Nef\u201d : projet mixte de bureaux et logements. Concept \u00e9nerg\u00e9tique innovant","breadcrumb":{"@id":"https:\/\/www.boille-associes.com\/en\/portfolio\/la-nef\/#breadcrumb"},"inLanguage":"en-US","potentialAction":[{"@type":"ReadAction","target":["https:\/\/www.boille-associes.com\/en\/portfolio\/la-nef\/"]}]},{"@type":"BreadcrumbList","@id":"https:\/\/www.boille-associes.com\/en\/portfolio\/la-nef\/#breadcrumb","itemListElement":[{"@type":"ListItem","position":1,"name":"Accueil","item":"https:\/\/www.boille-associes.com\/en\/"},{"@type":"ListItem","position":2,"name":"Portfolio","item":"https:\/\/www.boille-associes.com\/en\/portfolio\/"},{"@type":"ListItem","position":3,"name":"La Nef"}]},{"@type":"WebSite","@id":"https:\/\/www.boille-associes.com\/#website","url":"https:\/\/www.boille-associes.com\/","name":"Boille et associ\u00e9s","description":"Cabinet d&#039;architectes \u00e0 Tours","potentialAction":[{"@type":"SearchAction","target":{"@type":"EntryPoint","urlTemplate":"https:\/\/www.boille-associes.com\/?s={search_term_string}"},"query-input":{"@type":"PropertyValueSpecification","valueRequired":true,"valueName":"search_term_string"}}],"inLanguage":"en-US"}]}},"_links":{"self":[{"href":"https:\/\/www.boille-associes.com\/en\/wp-json\/wp\/v2\/pages\/535","targetHints":{"allow":["GET"]}}],"collection":[{"href":"https:\/\/www.boille-associes.com\/en\/wp-json\/wp\/v2\/pages"}],"about":[{"href":"https:\/\/www.boille-associes.com\/en\/wp-json\/wp\/v2\/types\/page"}],"author":[{"embeddable":true,"href":"https:\/\/www.boille-associes.com\/en\/wp-json\/wp\/v2\/users\/1"}],"replies":[{"embeddable":true,"href":"https:\/\/www.boille-associes.com\/en\/wp-json\/wp\/v2\/comments?post=535"}],"version-history":[{"count":3,"href":"https:\/\/www.boille-associes.com\/en\/wp-json\/wp\/v2\/pages\/535\/revisions"}],"predecessor-version":[{"id":705,"href":"https:\/\/www.boille-associes.com\/en\/wp-json\/wp\/v2\/pages\/535\/revisions\/705"}],"up":[{"embeddable":true,"href":"https:\/\/www.boille-associes.com\/en\/wp-json\/wp\/v2\/pages\/200"}],"wp:attachment":[{"href":"https:\/\/www.boille-associes.com\/en\/wp-json\/wp\/v2\/media?parent=535"}],"wp:term":[{"taxonomy":"category","embeddable":true,"href":"https:\/\/www.boille-associes.com\/en\/wp-json\/wp\/v2\/categories?post=535"}],"curies":[{"name":"wp","href":"https:\/\/api.w.org\/{rel}","templated":true}]}}