{"id":529,"date":"2013-05-09T01:19:03","date_gmt":"2013-05-08T23:19:03","guid":{"rendered":"https:\/\/www.boille-associes.com\/portfolio\/bureaux-lbe\/"},"modified":"2017-06-01T15:39:06","modified_gmt":"2017-06-01T13:39:06","slug":"bureaux-lbe","status":"publish","type":"page","link":"https:\/\/www.boille-associes.com\/en\/portfolio\/bureaux-lbe\/","title":{"rendered":"Bureaux LBE"},"content":{"rendered":"","protected":false},"excerpt":{"rendered":"","protected":false},"author":1,"featured_media":0,"parent":200,"menu_order":0,"comment_status":"closed","ping_status":"closed","template":"template-projet.php","meta":{"_acf_changed":false,"footnotes":""},"categories":[12],"class_list":["post-529","page","type-page","status-publish","hentry","category-offices"],"acf":[],"yoast_head":"<!-- This site is optimized with the Yoast SEO plugin v27.3 - https:\/\/yoast.com\/product\/yoast-seo-wordpress\/ -->\n<title>Construction des bureaux LBE - Boille et Associ\u00e9s architectes<\/title>\n<meta name=\"description\" content=\"Construction du si\u00e8ge social du BET LBE Fluides, Bureaux RT 2012. Cr\u00e9ation d\u2019un b\u00e2timent \u00e0 \u00e9nergie positive, g\u00e9othermie, double flux\u2026\" \/>\n<meta name=\"robots\" content=\"index, follow, max-snippet:-1, max-image-preview:large, max-video-preview:-1\" \/>\n<link rel=\"canonical\" href=\"https:\/\/www.boille-associes.com\/en\/portfolio\/bureaux-lbe\/\" \/>\n<meta property=\"og:locale\" content=\"en_US\" \/>\n<meta property=\"og:type\" content=\"article\" \/>\n<meta property=\"og:title\" content=\"Construction des bureaux LBE - Boille et Associ\u00e9s architectes\" \/>\n<meta property=\"og:description\" content=\"Construction du si\u00e8ge social du BET LBE Fluides, Bureaux RT 2012. Cr\u00e9ation d\u2019un b\u00e2timent \u00e0 \u00e9nergie positive, g\u00e9othermie, double flux\u2026\" \/>\n<meta property=\"og:url\" content=\"https:\/\/www.boille-associes.com\/en\/portfolio\/bureaux-lbe\/\" \/>\n<meta property=\"og:site_name\" content=\"Boille et associ\u00e9s\" \/>\n<meta property=\"article:modified_time\" content=\"2017-06-01T13:39:06+00:00\" \/>\n<meta name=\"twitter:card\" content=\"summary_large_image\" \/>\n<script type=\"application\/ld+json\" class=\"yoast-schema-graph\">{\"@context\":\"https:\\\/\\\/schema.org\",\"@graph\":[{\"@type\":\"WebPage\",\"@id\":\"https:\\\/\\\/www.boille-associes.com\\\/en\\\/portfolio\\\/bureaux-lbe\\\/\",\"url\":\"https:\\\/\\\/www.boille-associes.com\\\/en\\\/portfolio\\\/bureaux-lbe\\\/\",\"name\":\"Construction des bureaux LBE - Boille et Associ\u00e9s architectes\",\"isPartOf\":{\"@id\":\"https:\\\/\\\/www.boille-associes.com\\\/#website\"},\"datePublished\":\"2013-05-08T23:19:03+00:00\",\"dateModified\":\"2017-06-01T13:39:06+00:00\",\"description\":\"Construction du si\u00e8ge social du BET LBE Fluides, Bureaux RT 2012. Cr\u00e9ation d\u2019un b\u00e2timent \u00e0 \u00e9nergie positive, g\u00e9othermie, double flux\u2026\",\"breadcrumb\":{\"@id\":\"https:\\\/\\\/www.boille-associes.com\\\/en\\\/portfolio\\\/bureaux-lbe\\\/#breadcrumb\"},\"inLanguage\":\"en-US\",\"potentialAction\":[{\"@type\":\"ReadAction\",\"target\":[\"https:\\\/\\\/www.boille-associes.com\\\/en\\\/portfolio\\\/bureaux-lbe\\\/\"]}]},{\"@type\":\"BreadcrumbList\",\"@id\":\"https:\\\/\\\/www.boille-associes.com\\\/en\\\/portfolio\\\/bureaux-lbe\\\/#breadcrumb\",\"itemListElement\":[{\"@type\":\"ListItem\",\"position\":1,\"name\":\"Accueil\",\"item\":\"https:\\\/\\\/www.boille-associes.com\\\/en\\\/\"},{\"@type\":\"ListItem\",\"position\":2,\"name\":\"Portfolio\",\"item\":\"https:\\\/\\\/www.boille-associes.com\\\/en\\\/portfolio\\\/\"},{\"@type\":\"ListItem\",\"position\":3,\"name\":\"Bureaux LBE\"}]},{\"@type\":\"WebSite\",\"@id\":\"https:\\\/\\\/www.boille-associes.com\\\/#website\",\"url\":\"https:\\\/\\\/www.boille-associes.com\\\/\",\"name\":\"Boille et associ\u00e9s\",\"description\":\"Cabinet d&#039;architectes \u00e0 Tours\",\"potentialAction\":[{\"@type\":\"SearchAction\",\"target\":{\"@type\":\"EntryPoint\",\"urlTemplate\":\"https:\\\/\\\/www.boille-associes.com\\\/?s={search_term_string}\"},\"query-input\":{\"@type\":\"PropertyValueSpecification\",\"valueRequired\":true,\"valueName\":\"search_term_string\"}}],\"inLanguage\":\"en-US\"}]}<\/script>\n<!-- \/ Yoast SEO plugin. -->","yoast_head_json":{"title":"Construction des bureaux LBE - Boille et Associ\u00e9s architectes","description":"Construction du si\u00e8ge social du BET LBE Fluides, Bureaux RT 2012. Cr\u00e9ation d\u2019un b\u00e2timent \u00e0 \u00e9nergie positive, g\u00e9othermie, double flux\u2026","robots":{"index":"index","follow":"follow","max-snippet":"max-snippet:-1","max-image-preview":"max-image-preview:large","max-video-preview":"max-video-preview:-1"},"canonical":"https:\/\/www.boille-associes.com\/en\/portfolio\/bureaux-lbe\/","og_locale":"en_US","og_type":"article","og_title":"Construction des bureaux LBE - Boille et Associ\u00e9s architectes","og_description":"Construction du si\u00e8ge social du BET LBE Fluides, Bureaux RT 2012. Cr\u00e9ation d\u2019un b\u00e2timent \u00e0 \u00e9nergie positive, g\u00e9othermie, double flux\u2026","og_url":"https:\/\/www.boille-associes.com\/en\/portfolio\/bureaux-lbe\/","og_site_name":"Boille et associ\u00e9s","article_modified_time":"2017-06-01T13:39:06+00:00","twitter_card":"summary_large_image","schema":{"@context":"https:\/\/schema.org","@graph":[{"@type":"WebPage","@id":"https:\/\/www.boille-associes.com\/en\/portfolio\/bureaux-lbe\/","url":"https:\/\/www.boille-associes.com\/en\/portfolio\/bureaux-lbe\/","name":"Construction des bureaux LBE - Boille et Associ\u00e9s architectes","isPartOf":{"@id":"https:\/\/www.boille-associes.com\/#website"},"datePublished":"2013-05-08T23:19:03+00:00","dateModified":"2017-06-01T13:39:06+00:00","description":"Construction du si\u00e8ge social du BET LBE Fluides, Bureaux RT 2012. Cr\u00e9ation d\u2019un b\u00e2timent \u00e0 \u00e9nergie positive, g\u00e9othermie, double flux\u2026","breadcrumb":{"@id":"https:\/\/www.boille-associes.com\/en\/portfolio\/bureaux-lbe\/#breadcrumb"},"inLanguage":"en-US","potentialAction":[{"@type":"ReadAction","target":["https:\/\/www.boille-associes.com\/en\/portfolio\/bureaux-lbe\/"]}]},{"@type":"BreadcrumbList","@id":"https:\/\/www.boille-associes.com\/en\/portfolio\/bureaux-lbe\/#breadcrumb","itemListElement":[{"@type":"ListItem","position":1,"name":"Accueil","item":"https:\/\/www.boille-associes.com\/en\/"},{"@type":"ListItem","position":2,"name":"Portfolio","item":"https:\/\/www.boille-associes.com\/en\/portfolio\/"},{"@type":"ListItem","position":3,"name":"Bureaux LBE"}]},{"@type":"WebSite","@id":"https:\/\/www.boille-associes.com\/#website","url":"https:\/\/www.boille-associes.com\/","name":"Boille et associ\u00e9s","description":"Cabinet d&#039;architectes \u00e0 Tours","potentialAction":[{"@type":"SearchAction","target":{"@type":"EntryPoint","urlTemplate":"https:\/\/www.boille-associes.com\/?s={search_term_string}"},"query-input":{"@type":"PropertyValueSpecification","valueRequired":true,"valueName":"search_term_string"}}],"inLanguage":"en-US"}]}},"_links":{"self":[{"href":"https:\/\/www.boille-associes.com\/en\/wp-json\/wp\/v2\/pages\/529","targetHints":{"allow":["GET"]}}],"collection":[{"href":"https:\/\/www.boille-associes.com\/en\/wp-json\/wp\/v2\/pages"}],"about":[{"href":"https:\/\/www.boille-associes.com\/en\/wp-json\/wp\/v2\/types\/page"}],"author":[{"embeddable":true,"href":"https:\/\/www.boille-associes.com\/en\/wp-json\/wp\/v2\/users\/1"}],"replies":[{"embeddable":true,"href":"https:\/\/www.boille-associes.com\/en\/wp-json\/wp\/v2\/comments?post=529"}],"version-history":[{"count":2,"href":"https:\/\/www.boille-associes.com\/en\/wp-json\/wp\/v2\/pages\/529\/revisions"}],"predecessor-version":[{"id":697,"href":"https:\/\/www.boille-associes.com\/en\/wp-json\/wp\/v2\/pages\/529\/revisions\/697"}],"up":[{"embeddable":true,"href":"https:\/\/www.boille-associes.com\/en\/wp-json\/wp\/v2\/pages\/200"}],"wp:attachment":[{"href":"https:\/\/www.boille-associes.com\/en\/wp-json\/wp\/v2\/media?parent=529"}],"wp:term":[{"taxonomy":"category","embeddable":true,"href":"https:\/\/www.boille-associes.com\/en\/wp-json\/wp\/v2\/categories?post=529"}],"curies":[{"name":"wp","href":"https:\/\/api.w.org\/{rel}","templated":true}]}}